{"id":9096,"date":"2023-06-03T23:03:55","date_gmt":"2023-06-03T23:03:55","guid":{"rendered":"https:\/\/cdspress.ca\/?page_id=9096"},"modified":"2026-04-21T16:49:07","modified_gmt":"2026-04-21T16:49:07","slug":"books","status":"publish","type":"page","link":"https:\/\/cdspress.ca\/?page_id=9096","title":{"rendered":"Books"},"content":{"rendered":"\n<div class=\"wp-block-media-text alignwide is-stacked-on-mobile\" style=\"grid-template-columns:15% auto\"><figure class=\"wp-block-media-text__media\"><img loading=\"lazy\" decoding=\"async\" width=\"1728\" height=\"2304\" src=\"https:\/\/cdspress.ca\/wp-content\/uploads\/2023\/06\/MENTAL-HEALTH-ADDICTION.png\" alt=\"\" class=\"wp-image-9044 size-full\" srcset=\"https:\/\/cdspress.ca\/wp-content\/uploads\/2023\/06\/MENTAL-HEALTH-ADDICTION.png 1728w, https:\/\/cdspress.ca\/wp-content\/uploads\/2023\/06\/MENTAL-HEALTH-ADDICTION-225x300.png 225w, https:\/\/cdspress.ca\/wp-content\/uploads\/2023\/06\/MENTAL-HEALTH-ADDICTION-768x1024.png 768w, https:\/\/cdspress.ca\/wp-content\/uploads\/2023\/06\/MENTAL-HEALTH-ADDICTION-1152x1536.png 1152w, https:\/\/cdspress.ca\/wp-content\/uploads\/2023\/06\/MENTAL-HEALTH-ADDICTION-1536x2048.png 1536w\" sizes=\"auto, (max-width: 1728px) 100vw, 1728px\" \/><\/figure><div class=\"wp-block-media-text__content\">\n<p><a href=\"https:\/\/cdspress.ca\/?page_id=9034\"><strong>Mental Health &amp; Addiction Services in Latin America: An Integrated Care in Latin America<\/strong><\/a><br><span lang=\"EN-US\">Editors: Orlando Scoppetta, Ph.D.<\/span>,<span lang=\"EN-US\"> Augusto P\u00e9rez, Ph.D., Juliana Mej\u00eda, Ph.D. &amp; Masood Zangeneh, Ph.D.<br>Corporaci\u00f3n Nuevos Rumbos, Colombia<br>Release Date: 202<\/span>3<\/p>\n<\/div><\/div>\n\n\n\n<div style=\"height:61px\" aria-hidden=\"true\" class=\"wp-block-spacer\"><\/div>\n\n\n\n<div class=\"wp-block-media-text alignwide is-stacked-on-mobile\" style=\"grid-template-columns:15% auto\"><figure class=\"wp-block-media-text__media\"><img loading=\"lazy\" decoding=\"async\" width=\"452\" height=\"640\" src=\"https:\/\/cdspress.ca\/wp-content\/uploads\/2023\/01\/Post-Secondary-Education-Student-Mental-Health-A-Global-Perspective.png\" alt=\"\" class=\"wp-image-7175 size-full\" srcset=\"https:\/\/cdspress.ca\/wp-content\/uploads\/2023\/01\/Post-Secondary-Education-Student-Mental-Health-A-Global-Perspective.png 452w, https:\/\/cdspress.ca\/wp-content\/uploads\/2023\/01\/Post-Secondary-Education-Student-Mental-Health-A-Global-Perspective-212x300.png 212w\" sizes=\"auto, (max-width: 452px) 100vw, 452px\" \/><\/figure><div class=\"wp-block-media-text__content\">\n<p><a href=\"https:\/\/cdspress.ca\/?page_id=6135\"><strong>Post-Secondary Education Student Mental Health: A Global Perspective<\/strong><\/a>                           <br>Editors: Masood Zangeneh, Ph.D, Mona Nouroozifar, Ph.D., &amp; Priscilla Chou, BASc.                           <br>Humber College Institute of Technology and Advanced Learning, Canada                           <br>Release Date: 2022<\/p>\n<\/div><\/div>\n\n\n\n<div style=\"height:60px\" aria-hidden=\"true\" class=\"wp-block-spacer\"><\/div>\n\n\n\n<div class=\"wp-block-media-text alignwide is-stacked-on-mobile\" style=\"grid-template-columns:15% auto\"><figure class=\"wp-block-media-text__media\"><img loading=\"lazy\" decoding=\"async\" width=\"622\" height=\"1024\" src=\"https:\/\/cdspress.ca\/wp-content\/uploads\/2021\/09\/Cover-page-001-622x1024.jpg\" alt=\"\" class=\"wp-image-3646 size-full\" srcset=\"https:\/\/cdspress.ca\/wp-content\/uploads\/2021\/09\/Cover-page-001-622x1024.jpg 622w, https:\/\/cdspress.ca\/wp-content\/uploads\/2021\/09\/Cover-page-001-182x300.jpg 182w, https:\/\/cdspress.ca\/wp-content\/uploads\/2021\/09\/Cover-page-001-768x1265.jpg 768w, https:\/\/cdspress.ca\/wp-content\/uploads\/2021\/09\/Cover-page-001-933x1536.jpg 933w, https:\/\/cdspress.ca\/wp-content\/uploads\/2021\/09\/Cover-page-001-1244x2048.jpg 1244w, https:\/\/cdspress.ca\/wp-content\/uploads\/2021\/09\/Cover-page-001-700x1153.jpg 700w, https:\/\/cdspress.ca\/wp-content\/uploads\/2021\/09\/Cover-page-001-243x400.jpg 243w, https:\/\/cdspress.ca\/wp-content\/uploads\/2021\/09\/Cover-page-001.jpg 1274w\" sizes=\"auto, (max-width: 622px) 100vw, 622px\" \/><\/figure><div class=\"wp-block-media-text__content\">\n<p><strong><a href=\"https:\/\/cdspress.ca\/?page_id=4785\">Ikigai: Towards a psychological understanding of a life worth living<\/a>                           <br><\/strong>Editors: Yasuhiro Kotera, Ph.D. &amp; Dean Fido, Ph.D.                           <br>University of Derby, U.K.                           <br>Release Date: 2021<\/p>\n\n\n\n<p><\/p>\n\n\n\n<p><\/p>\n<\/div><\/div>\n\n\n\n<div style=\"height:65px\" aria-hidden=\"true\" class=\"wp-block-spacer\"><\/div>\n\n\n\n<div class=\"wp-block-media-text alignwide is-stacked-on-mobile\" style=\"grid-template-columns:15% auto\"><figure class=\"wp-block-media-text__media\"><img loading=\"lazy\" decoding=\"async\" width=\"768\" height=\"1024\" src=\"https:\/\/cdspress.ca\/wp-content\/uploads\/2023\/06\/MENTAL-HEALTH-ADDICTION-1-768x1024.png\" alt=\"\" class=\"wp-image-9099 size-full\" srcset=\"https:\/\/cdspress.ca\/wp-content\/uploads\/2023\/06\/MENTAL-HEALTH-ADDICTION-1-768x1024.png 768w, https:\/\/cdspress.ca\/wp-content\/uploads\/2023\/06\/MENTAL-HEALTH-ADDICTION-1-225x300.png 225w, https:\/\/cdspress.ca\/wp-content\/uploads\/2023\/06\/MENTAL-HEALTH-ADDICTION-1-1152x1536.png 1152w, https:\/\/cdspress.ca\/wp-content\/uploads\/2023\/06\/MENTAL-HEALTH-ADDICTION-1-1536x2048.png 1536w, https:\/\/cdspress.ca\/wp-content\/uploads\/2023\/06\/MENTAL-HEALTH-ADDICTION-1.png 1728w\" sizes=\"auto, (max-width: 768px) 100vw, 768px\" \/><\/figure><div class=\"wp-block-media-text__content\">\n<p><a href=\"https:\/\/cdspress.ca\/?page_id=4812\"><strong>Problem Gambling Counseling and Treatment Approaches<\/strong><\/a>&nbsp;<\/p>\n\n\n\n<p>Editors: Jason Landon, Ph.D., Simone Rodda, Ph.D., &amp; Masood Zangeneh, Ph.D.&nbsp;<br>Auckland University of Technology, New Zealand; University of Auckland, New Zealand, Humber College Institute of Technology and Advanced Learning, Canada&nbsp; <br>Release Date: 2023<\/p>\n\n\n\n<p><\/p>\n<\/div><\/div>\n\n\n\n<div class=\"wp-block-media-text alignwide is-stacked-on-mobile\" style=\"grid-template-columns:15% auto\"><figure class=\"wp-block-media-text__media\"><img loading=\"lazy\" decoding=\"async\" width=\"167\" height=\"364\" src=\"https:\/\/cdspress.ca\/wp-content\/uploads\/2025\/05\/DW-Frontcover-image.jpg\" alt=\"\" class=\"wp-image-11431 size-full\" srcset=\"https:\/\/cdspress.ca\/wp-content\/uploads\/2025\/05\/DW-Frontcover-image.jpg 167w, https:\/\/cdspress.ca\/wp-content\/uploads\/2025\/05\/DW-Frontcover-image-138x300.jpg 138w\" sizes=\"auto, (max-width: 167px) 100vw, 167px\" \/><\/figure><div class=\"wp-block-media-text__content\">\n<p><a href=\"https:\/\/cdspress.ca\/?page_id=11412\" data-type=\"page\" data-id=\"11412\"><strong>Being an Autistic Parent<\/strong>&nbsp;<\/a><\/p>\n\n\n\n<p>Editors:&nbsp;Luke Beardon, Dean Worton,  &amp; Kleio Cossburn<br>Release Date: 2025<\/p>\n\n\n\n<p><\/p>\n<\/div><\/div>\n\n\n\n<div class=\"wp-block-media-text alignwide is-stacked-on-mobile\" style=\"grid-template-columns:15% auto\"><figure class=\"wp-block-media-text__media\"><img loading=\"lazy\" decoding=\"async\" width=\"819\" height=\"1024\" src=\"https:\/\/cdspress.ca\/wp-content\/uploads\/2026\/04\/Crossing-Worlds-Claiming-Belonging-Asian-Diasporas-Migration-and-Justice-in-the-Americas-1-819x1024.png\" alt=\"\" class=\"wp-image-12812 size-full\" srcset=\"https:\/\/cdspress.ca\/wp-content\/uploads\/2026\/04\/Crossing-Worlds-Claiming-Belonging-Asian-Diasporas-Migration-and-Justice-in-the-Americas-1-819x1024.png 819w, https:\/\/cdspress.ca\/wp-content\/uploads\/2026\/04\/Crossing-Worlds-Claiming-Belonging-Asian-Diasporas-Migration-and-Justice-in-the-Americas-1-240x300.png 240w, https:\/\/cdspress.ca\/wp-content\/uploads\/2026\/04\/Crossing-Worlds-Claiming-Belonging-Asian-Diasporas-Migration-and-Justice-in-the-Americas-1-768x960.png 768w, https:\/\/cdspress.ca\/wp-content\/uploads\/2026\/04\/Crossing-Worlds-Claiming-Belonging-Asian-Diasporas-Migration-and-Justice-in-the-Americas-1.png 1080w\" sizes=\"auto, (max-width: 819px) 100vw, 819px\" \/><\/figure><div class=\"wp-block-media-text__content\">\n<p><br><strong><a href=\"https:\/\/cdspress.ca\/?p=12754\">Crossing Worlds, Claiming Belonging: Asian Diasporas, Migration, and Justice in the Americas<\/a><\/strong><\/p>\n\n\n\n<p>Editors:&nbsp;Rose Ann Torres &amp; Alison Lam<br>Release Date: 2026<\/p>\n\n\n\n<p><\/p>\n<\/div><\/div>\n","protected":false},"excerpt":{"rendered":"<p>Mental Health &amp; Addiction Services in Latin America: An Integrated Care in Latin AmericaEditors: Orlando Scoppetta, Ph.D., Augusto P\u00e9rez, Ph.D., Juliana Mej\u00eda, Ph.D. &amp; Masood &hellip;<\/p>\n","protected":false},"author":1,"featured_media":0,"parent":0,"menu_order":0,"comment_status":"closed","ping_status":"closed","template":"","meta":{"footnotes":""},"class_list":["post-9096","page","type-page","status-publish","hentry"],"jetpack_sharing_enabled":true,"_links":{"self":[{"href":"https:\/\/cdspress.ca\/index.php?rest_route=\/wp\/v2\/pages\/9096","targetHints":{"allow":["GET"]}}],"collection":[{"href":"https:\/\/cdspress.ca\/index.php?rest_route=\/wp\/v2\/pages"}],"about":[{"href":"https:\/\/cdspress.ca\/index.php?rest_route=\/wp\/v2\/types\/page"}],"author":[{"embeddable":true,"href":"https:\/\/cdspress.ca\/index.php?rest_route=\/wp\/v2\/users\/1"}],"replies":[{"embeddable":true,"href":"https:\/\/cdspress.ca\/index.php?rest_route=%2Fwp%2Fv2%2Fcomments&post=9096"}],"version-history":[{"count":15,"href":"https:\/\/cdspress.ca\/index.php?rest_route=\/wp\/v2\/pages\/9096\/revisions"}],"predecessor-version":[{"id":12814,"href":"https:\/\/cdspress.ca\/index.php?rest_route=\/wp\/v2\/pages\/9096\/revisions\/12814"}],"wp:attachment":[{"href":"https:\/\/cdspress.ca\/index.php?rest_route=%2Fwp%2Fv2%2Fmedia&parent=9096"}],"curies":[{"name":"wp","href":"https:\/\/api.w.org\/{rel}","templated":true}]}}