{"id":6135,"date":"2022-08-17T18:25:48","date_gmt":"2022-08-17T18:25:48","guid":{"rendered":"https:\/\/cdspress.ca\/?page_id=6135"},"modified":"2023-09-21T14:06:51","modified_gmt":"2023-09-21T14:06:51","slug":"book-title-post-secondary-education-student-mental-health-a-global-perspective","status":"publish","type":"page","link":"https:\/\/cdspress.ca\/?page_id=6135","title":{"rendered":"Post-Secondary Education Student Mental Health: A Global Perspective"},"content":{"rendered":"\n<div class=\"wp-block-media-text alignwide is-stacked-on-mobile\" style=\"grid-template-columns:36% auto\"><figure class=\"wp-block-media-text__media\"><img loading=\"lazy\" decoding=\"async\" width=\"452\" height=\"640\" src=\"https:\/\/cdspress.ca\/wp-content\/uploads\/2023\/01\/Post-Secondary-Education-Student-Mental-Health-A-Global-Perspective.png\" alt=\"\" class=\"wp-image-7175 size-medium\" srcset=\"https:\/\/cdspress.ca\/wp-content\/uploads\/2023\/01\/Post-Secondary-Education-Student-Mental-Health-A-Global-Perspective.png 452w, https:\/\/cdspress.ca\/wp-content\/uploads\/2023\/01\/Post-Secondary-Education-Student-Mental-Health-A-Global-Perspective-212x300.png 212w\" sizes=\"auto, (max-width: 452px) 100vw, 452px\" \/><\/figure><div class=\"wp-block-media-text__content\">\n<p><strong>Editor:<\/strong> Masood Zangeneh, Ph.D.<\/p>\n\n\n\n<p><strong>Affiliation:<\/strong> Humber College Institute of Technology and Advanced Learning, Canada<\/p>\n\n\n\n<p><strong>Editor:<\/strong> Mona Nouroozifar, Ph.D.<\/p>\n\n\n\n<p><strong>Affiliation:<\/strong> Conestoga College Institute of Technology and Advanced Learning, Canada<\/p>\n\n\n\n<p><strong>Editor:<\/strong> Priscilla Chou, BASc. <\/p>\n\n\n\n<p><strong>Affiliation<\/strong>: Journal of Concurrent Disorders, Canada<\/p>\n<\/div><\/div>\n\n\n\n<hr class=\"wp-block-separator has-alpha-channel-opacity\"\/>\n\n\n\n<h3 class=\"wp-block-heading\">TABLE OF CONTENTS<\/h3>\n\n\n\n<h3 class=\"wp-block-heading\">FRONT MATTER<\/h3>\n\n\n\n<p>Pages i-xv<\/p>\n\n\n\n<div class=\"wp-block-buttons is-layout-flex wp-block-buttons-is-layout-flex\">\n<div class=\"wp-block-button\"><a class=\"wp-block-button__link wp-element-button\" href=\"https:\/\/cdspress.ca\/wp-content\/uploads\/2022\/09\/FRONT-MATTER-SMH-book.pdf\">Front Matter<\/a><\/div>\n<\/div>\n\n\n\n<hr class=\"wp-block-separator has-alpha-channel-opacity\"\/>\n\n\n\n<h3 class=\"wp-block-heading\">THE FREQUENCY AND CORRELATES OF MENTAL HEALTH PROBLEMS AMONG KHALIJI<\/h3>\n\n\n\n<p>Authors: Samir Al-Adawi, Nasser Al-Sibani, Lara Al-Harthi, Maithili Shetty, Joe Valentina, Muna Al<br>Sadoon<\/p>\n\n\n\n<p>Pages 1-50<\/p>\n\n\n\n<div class=\"wp-block-buttons is-layout-flex wp-block-buttons-is-layout-flex\">\n<div class=\"wp-block-button\"><a class=\"wp-block-button__link wp-element-button\" href=\"https:\/\/cdspress.ca\/wp-content\/uploads\/2022\/08\/ch-1-Samir-Al-Adawi-et-al-1.pdf\">Chapter One<\/a><\/div>\n<\/div>\n\n\n\n<hr class=\"wp-block-separator has-alpha-channel-opacity\"\/>\n\n\n\n<h3 class=\"wp-block-heading\">MENTAL HEALTH IN PALESTINIAN UNIVERSITY STUDENTS: CHALLENGES, DIFFICULTIES, AND SOURCES OF RESILIENCE<\/h3>\n\n\n\n<p>Authors: Fayez Mahamid &amp; Dana Bdier<\/p>\n\n\n\n<p>Pages 51-68<\/p>\n\n\n\n<div class=\"wp-block-buttons is-layout-flex wp-block-buttons-is-layout-flex\">\n<div class=\"wp-block-button\"><a class=\"wp-block-button__link wp-element-button\" href=\"https:\/\/cdspress.ca\/wp-content\/uploads\/2022\/08\/ch-2-Mahamid_Mental-Health-in-Palestinian-University-Students.pdf\">Chapter Two<\/a><\/div>\n<\/div>\n\n\n\n<hr class=\"wp-block-separator has-alpha-channel-opacity\"\/>\n\n\n\n<h2 class=\"wp-block-heading\">LEARNING THROUGH LOSS: THE IMPACT OF STUDENT RETENTION FOR GRIEVING STUDENTS<\/h2>\n\n\n\n<p>Author: Amanda Howlett-Long<\/p>\n\n\n\n<p>Pages 69-83<\/p>\n\n\n\n<div class=\"wp-block-buttons is-layout-flex wp-block-buttons-is-layout-flex\">\n<div class=\"wp-block-button\"><a class=\"wp-block-button__link wp-element-button\" href=\"https:\/\/cdspress.ca\/wp-content\/uploads\/2022\/09\/ch-3-Howlett-Long_Amanda-Grieving.pdf\">Chapter Three<\/a><\/div>\n<\/div>\n\n\n\n<hr class=\"wp-block-separator has-alpha-channel-opacity\"\/>\n\n\n\n<h2 class=\"wp-block-heading\">MADNESS, CHARACTER, OR PATHOLOGY: PERCEPTIONS OF MENTAL ILLNESS IN MEDICAL STUDENTS<\/h2>\n\n\n\n<p>Authors: Ingrid Vargas-Huicochea, Ana Carolina Rodr\u00edguez-Machain, Jacqueline Cort\u00e9s Morelos, Nora<br>Kelsall<\/p>\n\n\n\n<p>Pages: 94-117<\/p>\n\n\n\n<div class=\"wp-block-buttons is-layout-flex wp-block-buttons-is-layout-flex\">\n<div class=\"wp-block-button\"><a class=\"wp-block-button__link wp-element-button\" href=\"https:\/\/cdspress.ca\/wp-content\/uploads\/2022\/08\/ch-4-Ingrid-Vargas-Huicochea_Perceptions-of-Mental-Illness.pdf\">Chapter Four<\/a><\/div>\n<\/div>\n\n\n\n<hr class=\"wp-block-separator has-alpha-channel-opacity\"\/>\n\n\n\n<h2 class=\"wp-block-heading\">PERFECTIONISM, SELF-ESTEEM AND AGGRESSIVENESS IN SOCIAL RELATIONSHIPS IN UNIVERSITY STUDENTS<\/h2>\n\n\n\n<p>Authors: M.C. Manzano Hidalgo, Abel Nogueira-L\u00f3pez, Juan Gonz\u00e1lez-Hern\u00e1ndez<\/p>\n\n\n\n<p>Pages:  118- 131<\/p>\n\n\n\n<div class=\"wp-block-buttons is-layout-flex wp-block-buttons-is-layout-flex\">\n<div class=\"wp-block-button\"><a class=\"wp-block-button__link wp-element-button\" href=\"https:\/\/cdspress.ca\/wp-content\/uploads\/2023\/07\/ch-5-Hidalgo-et-al.pdf\">Chapter Five<\/a><\/div>\n<\/div>\n\n\n\n<hr class=\"wp-block-separator has-alpha-channel-opacity\"\/>\n\n\n\n<h2 class=\"wp-block-heading\">USING MEANING-CENTERED APPROACH TO CULTIVATE COLLEGE MENTAL HEALTH<\/h2>\n\n\n\n<p>Authors: G\u00f6kmen Arslan, Murat Y\u0131ld\u0131r\u0131m<\/p>\n\n\n\n<p>Pages: 132-146<\/p>\n\n\n\n<div class=\"wp-block-buttons is-layout-flex wp-block-buttons-is-layout-flex\">\n<div class=\"wp-block-button\"><a class=\"wp-block-button__link wp-element-button\" href=\"https:\/\/cdspress.ca\/wp-content\/uploads\/2023\/07\/ch-6-Arslan-Yildirim.pdf\">Chapter Six<\/a><\/div>\n<\/div>\n\n\n\n<hr class=\"wp-block-separator has-alpha-channel-opacity\"\/>\n\n\n\n<h2 class=\"wp-block-heading\">EMOTIONAL INTELLIGENCE AND MENTAL HEALTH OF YOUNG ADULTS<\/h2>\n\n\n\n<p>Authors: Murat Y\u0131ld\u0131r\u0131m, G\u00f6kmen Arslan<\/p>\n\n\n\n<p>Pages: 133-154<\/p>\n\n\n\n<div class=\"wp-block-buttons is-layout-flex wp-block-buttons-is-layout-flex\">\n<div class=\"wp-block-button\"><a class=\"wp-block-button__link wp-element-button\" href=\"https:\/\/cdspress.ca\/wp-content\/uploads\/2022\/08\/ch-7-Murat-Yildirim-Emotional-Intelligence-1.pdf\">Chapter Seven<\/a><\/div>\n<\/div>\n\n\n\n<hr class=\"wp-block-separator has-alpha-channel-opacity\"\/>\n\n\n\n<h2 class=\"wp-block-heading\">THE ASSOCIATION BETWEEN RELIGIOSITY AND LIFE SATISFACTION IN SIX ARAB COUNTRIES<\/h2>\n\n\n\n<p>Author: Ahmed M. Abdel-Khalek<\/p>\n\n\n\n<p>Pages: 155-172<\/p>\n\n\n\n<div class=\"wp-block-buttons is-layout-flex wp-block-buttons-is-layout-flex\">\n<div class=\"wp-block-button\"><a class=\"wp-block-button__link wp-element-button\" href=\"https:\/\/cdspress.ca\/wp-content\/uploads\/2022\/08\/ch-8-Ahmed-Abdel-Khlek_religiosity-and-life-satisfaction-1.pdf\">Chapter Eight<\/a><\/div>\n<\/div>\n\n\n\n<hr class=\"wp-block-separator has-alpha-channel-opacity\"\/>\n\n\n\n<h2 class=\"wp-block-heading\">MENTAL HEALTH OF UNIVERSITY STUDENTS: PERSPECTIVES FROM JORDAN AND THE UNITED ARAB EMIRATES<\/h2>\n\n\n\n<p>Authors: Heyam F. Dalky, Yousef M. Aljawarneh, Lubna M. Rajab, Rabia H. Haddad<\/p>\n\n\n\n<p>Pages: 172-186<\/p>\n\n\n\n<div class=\"wp-block-buttons is-layout-flex wp-block-buttons-is-layout-flex\">\n<div class=\"wp-block-button\"><a class=\"wp-block-button__link wp-element-button\" href=\"https:\/\/cdspress.ca\/wp-content\/uploads\/2022\/09\/ch-9_Heyam-Dalky_Jordan-and-the-United-Arab-Emirates.pdf\">Chapter Nine<\/a><\/div>\n<\/div>\n\n\n\n<hr class=\"wp-block-separator has-alpha-channel-opacity\"\/>\n\n\n\n<h3 class=\"wp-block-heading\">THE IMPORTANCE OF SOCIAL CONNECTEDNESS FOR SELF-REGULATION AND EMOTIONAL WELLBEING: EXPANDING THE DEFINITION OF THE CONSTRUCT<\/h3>\n\n\n\n<p>Authors: Chris Lo, Andrew E. Nussey, Charles C. Helwig<\/p>\n\n\n\n<p>Pages: 190-218<\/p>\n\n\n\n<div class=\"wp-block-buttons is-layout-flex wp-block-buttons-is-layout-flex\">\n<div class=\"wp-block-button\"><a class=\"wp-block-button__link wp-element-button\" href=\"https:\/\/cdspress.ca\/wp-content\/uploads\/2022\/08\/ch-10-Chris-Lo-social-connectedness.pdf\">Chapter Ten<\/a><\/div>\n<\/div>\n\n\n\n<hr class=\"wp-block-separator has-alpha-channel-opacity\"\/>\n\n\n\n<h3 class=\"wp-block-heading\">THE COVID-19 PANDEMIC\u2019S IMPACT ON POST-SECONDARY STUDENT COUNSELLING SERVICES<\/h3>\n\n\n\n<p>Authors: Rosemary Vito, Joanna Bedggood, Tasha Anderson, Nina Kovacic, Emily Maini, Rick Csiernik<\/p>\n\n\n\n<p>Pages: 219-250<\/p>\n\n\n\n<div class=\"wp-block-buttons is-layout-flex wp-block-buttons-is-layout-flex\">\n<div class=\"wp-block-button\"><a class=\"wp-block-button__link wp-element-button\" href=\"https:\/\/cdspress.ca\/wp-content\/uploads\/2022\/08\/ch-11-Rosemary-Vito.pdf\">Chapter Eleven<\/a><\/div>\n<\/div>\n\n\n\n<hr class=\"wp-block-separator has-alpha-channel-opacity\"\/>\n\n\n\n<h3 class=\"wp-block-heading\">THE IMPACT OF COVID-19 ON POSTSECONDARY STUDENTS<\/h3>\n\n\n\n<p>Author: Lily Y. Li<\/p>\n\n\n\n<p>Pages: 251-276<\/p>\n\n\n\n<div class=\"wp-block-buttons is-layout-flex wp-block-buttons-is-layout-flex\">\n<div class=\"wp-block-button\"><a class=\"wp-block-button__link wp-element-button\" href=\"https:\/\/cdspress.ca\/wp-content\/uploads\/2022\/08\/ch-12-Lily-Li_COVID-19-and-the-impact-on-university-students-1.pdf\">Chapter Twelve<\/a><\/div>\n<\/div>\n\n\n\n<hr class=\"wp-block-separator has-alpha-channel-opacity\"\/>\n\n\n\n<h3 class=\"wp-block-heading\">HOW DID JAPANESE UNIVERSITY STUDENTS SURVIVE THE COVID-19 PANDEMIC?<\/h3>\n\n\n\n<p>Authors: Daichi Sugawara, Takahiro Kubo, Masashi Mizuno, Akihiro Masuyama<\/p>\n\n\n\n<p>Pages: 277-294<\/p>\n\n\n\n<div class=\"wp-block-buttons is-layout-flex wp-block-buttons-is-layout-flex\">\n<div class=\"wp-block-button\"><a class=\"wp-block-button__link wp-element-button\" href=\"https:\/\/cdspress.ca\/wp-content\/uploads\/2022\/09\/ch-13-sugawara_Daichi-3.pdf\">Chapter Thirteen<\/a><\/div>\n<\/div>\n\n\n\n<hr class=\"wp-block-separator has-alpha-channel-opacity\"\/>\n\n\n\n<h3 class=\"wp-block-heading\">COVID-19 IN CANADIAN COLLEGES: THE DRAWBACKS, ADVANTAGES, AND AREAS FOR IMPROVEMENT IN CRISIS-EVOLVED REMOTE LEARNING<\/h3>\n\n\n\n<p>Authors: Maria Lucia (Marylou) DiPlacito-DeRango<\/p>\n\n\n\n<p>Pages: 295-329<\/p>\n\n\n\n<div class=\"wp-block-buttons is-layout-flex wp-block-buttons-is-layout-flex\">\n<div class=\"wp-block-button\"><a class=\"wp-block-button__link wp-element-button\" href=\"https:\/\/cdspress.ca\/wp-content\/uploads\/2022\/08\/ch-14-Maria-Lucia-DiPlacito-Covid19.pdf\">Chapter Fourteen<\/a><\/div>\n<\/div>\n\n\n\n<hr class=\"wp-block-separator has-alpha-channel-opacity\"\/>\n\n\n\n<h3 class=\"wp-block-heading\">MENTAL HEALTH ISSUES AMONG IRANIAN UNIVERSITY STUDENTS DURING COVID- 19 PANDEMIC<\/h3>\n\n\n\n<p>Author: Mahboubeh Dadfar<\/p>\n\n\n\n<p>Pages: 330-351 <\/p>\n\n\n\n<div class=\"wp-block-buttons is-layout-flex wp-block-buttons-is-layout-flex\">\n<div class=\"wp-block-button\"><a class=\"wp-block-button__link wp-element-button\" href=\"https:\/\/cdspress.ca\/wp-content\/uploads\/2022\/08\/ch-15-Mahboubeh-Dadfar-Covid19.pdf\">Chapter Fifteen<\/a><\/div>\n<\/div>\n\n\n\n<hr class=\"wp-block-separator has-alpha-channel-opacity\"\/>\n\n\n\n<h3 class=\"wp-block-heading\">POSITIVE AND NEGATIVE ASPECTS OF UNIVERSITY STUDENTS\u2019 EXPERIENCING THE COVID-19 PANDEMIC IN SLOVENIA<\/h3>\n\n\n\n<p>Authors: Alenka Polak &amp; Polona Gradi\u0161ek<\/p>\n\n\n\n<p>Pages: 352-377<\/p>\n\n\n\n<div class=\"wp-block-buttons is-layout-flex wp-block-buttons-is-layout-flex\">\n<div class=\"wp-block-button\"><a class=\"wp-block-button__link wp-element-button\" href=\"https:\/\/cdspress.ca\/wp-content\/uploads\/2023\/07\/ch-16-Polak-Gradisek.pdf\">Chapter Sixteen<\/a><\/div>\n<\/div>\n\n\n\n<hr class=\"wp-block-separator has-alpha-channel-opacity\"\/>\n\n\n\n<h3 class=\"wp-block-heading\">STUDENT ONLINE LEARNING EXPERIENCE AND ACADEMIC RESILIENCE DURING COVID-19: EXPLORING THE ROLE OF ACADEMIC SELF-EFFICACY AND PERCEIVED SOCIAL SUPPORT<\/h3>\n\n\n\n<p>Authors: Smita Singh, Jie Ying Loh, and Patrick K. F. Lin<\/p>\n\n\n\n<p>Pages: 378-401<\/p>\n\n\n\n<div class=\"wp-block-buttons is-layout-flex wp-block-buttons-is-layout-flex\">\n<div class=\"wp-block-button\"><a class=\"wp-block-button__link wp-element-button\" href=\"https:\/\/cdspress.ca\/wp-content\/uploads\/2022\/08\/ch-17-Singh-Loh-Lin-Book-Chapter-Final-edits-without-track-changes.pdf\">Chapter Seventeen<\/a><\/div>\n<\/div>\n\n\n\n<hr class=\"wp-block-separator has-alpha-channel-opacity\"\/>\n\n\n\n<h3 class=\"wp-block-heading\">THE MEDIATING ROLES OF MALADAPTIVE GAMING COGNITIONS AND PURPOSE IN LIFE IN THE RELATIONSHIP BETWEEN RELATEDNESS NEED DISSATISFACTION AND INTERNET GAMING DISORDER AMONG CHINESE UNIVERSITY STUDENTS<\/h3>\n\n\n\n<p>Authors: Vivienne Y. K. TAO, Shu M. YU, Meng Xuan ZHANG, Anise M. S. WU<\/p>\n\n\n\n<p>Pages: 402-422<\/p>\n\n\n\n<div class=\"wp-block-buttons is-layout-flex wp-block-buttons-is-layout-flex\">\n<div class=\"wp-block-button\"><a class=\"wp-block-button__link wp-element-button\" href=\"https:\/\/cdspress.ca\/wp-content\/uploads\/2022\/09\/ch-18-Vivienne-TAO_Shu-YU_Meng-Xuan-ZHANG_Anise-WU-BB-edits-FINAL.pdf\">Chapter Eighteen<\/a><\/div>\n<\/div>\n\n\n\n<hr class=\"wp-block-separator has-alpha-channel-opacity\"\/>\n\n\n\n<h3 class=\"wp-block-heading\">ADDICTIVE BEHAVIOURS AND FAMILY RELATIONSHIP AMONG COLLEGE STUDENTS DURING THE PANDEMIC: A CROSS-SECTIONAL STUDY IN INDONESIA<\/h3>\n\n\n\n<p>Authors: Sujarwoto, Tri Yumarni, Rindi M. Saputri<\/p>\n\n\n\n<p>Pages: 423-444<\/p>\n\n\n\n<div class=\"wp-block-buttons is-layout-flex wp-block-buttons-is-layout-flex\">\n<div class=\"wp-block-button\"><a class=\"wp-block-button__link wp-element-button\" href=\"https:\/\/cdspress.ca\/wp-content\/uploads\/2022\/08\/ch-19-Sujarwoto-bookchapter_sjr-BB-edits-2.pdf\">Chapter Nineteen<\/a><\/div>\n<\/div>\n\n\n\n<hr class=\"wp-block-separator has-alpha-channel-opacity\"\/>\n\n\n\n<h3 class=\"wp-block-heading\">GENERALIZED INTERNET ADDICTION AMONG CHINESE UNIVERSITY STUDENTS: ASSOCIATIONS WITH INTERNET ATTITUDES, OBJECTIVELY MEASURED SMARTPHONE USAGE AND PERSONALITY<\/h3>\n\n\n\n<p>Authors: Zhihao Yan, Zeyang Yang<\/p>\n\n\n\n<p>Pages: 445-461<\/p>\n\n\n\n<div class=\"wp-block-buttons is-layout-flex wp-block-buttons-is-layout-flex\">\n<div class=\"wp-block-button\"><a class=\"wp-block-button__link wp-element-button\" href=\"https:\/\/cdspress.ca\/wp-content\/uploads\/2022\/08\/ch-20-Zeyang-Yang_Generalized-Internet-addiction-edited-11.23.pdf\">Chapter Twenty<\/a><\/div>\n<\/div>\n\n\n\n<hr class=\"wp-block-separator has-alpha-channel-opacity\"\/>\n\n\n\n<h3 class=\"wp-block-heading\">LOST IN TRANSITIONS: A REVIEW OF STRESSORS AND MENTAL HEALTH AMONG INTERNATIONAL STUDENTS IN THE UNITED STATES<\/h3>\n\n\n\n<p>Authors: Katie K. Koo, Ariel Guicheng Tan<\/p>\n\n\n\n<p>Pages: 462-490<\/p>\n\n\n\n<div class=\"wp-block-buttons is-layout-flex wp-block-buttons-is-layout-flex\">\n<div class=\"wp-block-button\"><a class=\"wp-block-button__link wp-element-button\" href=\"https:\/\/cdspress.ca\/wp-content\/uploads\/2022\/08\/ch-21-Koo_TAN_International.pdf\">Chapter Twenty-One<\/a><\/div>\n<\/div>\n\n\n\n<hr class=\"wp-block-separator has-alpha-channel-opacity\"\/>\n\n\n\n<h3 class=\"wp-block-heading\">THE LIVED EXPERIENCE OF HOW PUNJABI INTERNATIONAL STUDENTS NAVIGATE MENTAL HEALTH CONCERNS AT ONTARIO POST-SECONDARY INSTITUTES<\/h3>\n\n\n\n<p>Author: Bhupinder Singh Bains<\/p>\n\n\n\n<p>Pages: 491-525<\/p>\n\n\n\n<div class=\"wp-block-buttons is-layout-flex wp-block-buttons-is-layout-flex\">\n<div class=\"wp-block-button\"><a class=\"wp-block-button__link wp-element-button\" href=\"https:\/\/cdspress.ca\/wp-content\/uploads\/2022\/08\/ch-22-Punjabi_Bhu.pdf\">Chapter Twenty-Two<\/a><\/div>\n<\/div>\n\n\n\n<hr class=\"wp-block-separator has-alpha-channel-opacity\"\/>\n\n\n\n<h3 class=\"wp-block-heading\">PHYSICAL ACTIVITY PROGRAMMING FOR POST-SECONDARY STUDENT MENTAL HEALTH: CONSIDERATIONS FOR RESEARCH AND PRACTICE<\/h3>\n\n\n\n<p>Authors: Melissa L. deJonge, Garcia Ashdown-Franks, Catherine M. Sabiston<\/p>\n\n\n\n<p>Pages: 526-563<\/p>\n\n\n\n<div class=\"wp-block-buttons is-layout-flex wp-block-buttons-is-layout-flex\">\n<div class=\"wp-block-button\"><a class=\"wp-block-button__link wp-element-button\" href=\"https:\/\/cdspress.ca\/wp-content\/uploads\/2022\/08\/ch-23-deJonge-Catherine-Sabiston-et-al.-edited_Nov15_FinalNov25.pdf\">Chapter Twenty-Three<\/a><\/div>\n<\/div>\n\n\n\n<hr class=\"wp-block-separator has-alpha-channel-opacity\"\/>\n\n\n\n<h3 class=\"wp-block-heading\">THE IMPROVEMENT EFFECT OF EXERCISE ON COLLEGE STUDENTS\u2019 INTERNET<br>ADDICTION<\/h3>\n\n\n\n<p>Authors: Weiyi Zhou, Han Zhao, Guoli Zhang<\/p>\n\n\n\n<p>Pages: 564-593<\/p>\n\n\n\n<div class=\"wp-block-buttons is-layout-flex wp-block-buttons-is-layout-flex\">\n<div class=\"wp-block-button\"><a class=\"wp-block-button__link wp-element-button\" href=\"https:\/\/cdspress.ca\/wp-content\/uploads\/2022\/08\/ch-24-Guoli-Zhang-exercise.pdf\">Chapter Twenty-Four<\/a><\/div>\n<\/div>\n\n\n\n<hr class=\"wp-block-separator has-alpha-channel-opacity\"\/>\n\n\n\n<h3 class=\"wp-block-heading\">WHAT ARE WE WAITING FOR? ADDRESSING WAIT TIMES IN POST-SECONDARY STUDENT<br>MENTAL HEALTH CARE<\/h3>\n\n\n\n<p>Authors: Sandra A. Yuen, Giovanni Arcuri, Peter Cornish, Donald W. Stewart<\/p>\n\n\n\n<p>Pages: 594-623<\/p>\n\n\n\n<div class=\"wp-block-buttons is-layout-flex wp-block-buttons-is-layout-flex\">\n<div class=\"wp-block-button\"><a class=\"wp-block-button__link wp-element-button\" href=\"https:\/\/cdspress.ca\/wp-content\/uploads\/2022\/08\/ch-25-Sandra-A-Yuen_Wait-List.pdf\">Chapter Twenty- Five<\/a><\/div>\n<\/div>\n\n\n\n<hr class=\"wp-block-separator has-alpha-channel-opacity\"\/>\n\n\n\n<h3 class=\"wp-block-heading\">MENTAL HEALTH ON CANADIAN POST-SECONDARY CAMPUSES: REVIEWING THE STATUS, THE IMPACT, AND A PROPOSAL TO HELP<\/h3>\n\n\n\n<p>Authors: Sara Antunes-Alves, John Meissner, Anamarie Gennara, Sandra Yuen, Andrea L. Howard, Larry<br>McCloskey<\/p>\n\n\n\n<p>Pages: 624-665<\/p>\n\n\n\n<div class=\"wp-block-buttons is-layout-flex wp-block-buttons-is-layout-flex\">\n<div class=\"wp-block-button\"><a class=\"wp-block-button__link wp-element-button\" href=\"https:\/\/cdspress.ca\/wp-content\/uploads\/2022\/08\/ch-26-Sara-Antunes-Alves.pdf\">Chapter Twenty-Six<\/a><\/div>\n<\/div>\n\n\n\n<hr class=\"wp-block-separator has-alpha-channel-opacity\"\/>\n\n\n\n<h3 class=\"wp-block-heading\">STUDENT MENTAL HEALTH IN ASIA: BURDEN, HELP-SEEKING PATTERNS, AND<br>CULTURAL ASPECTS<\/h3>\n\n\n\n<p>Authors: Vikas Menon, Karthick Subramanian, Parthasarathy Ramamurthy<\/p>\n\n\n\n<p>Pages: 666-708<\/p>\n\n\n\n<div class=\"wp-block-buttons is-layout-flex wp-block-buttons-is-layout-flex\">\n<div class=\"wp-block-button\"><a class=\"wp-block-button__link wp-element-button\" href=\"https:\/\/cdspress.ca\/wp-content\/uploads\/2022\/08\/ch-27-Vikas-Menon_Student-mental-health-in-Asia_Reference-check-copy_05072022.pdf\">Chapter Twenty-Seven<\/a><\/div>\n<\/div>\n\n\n\n<hr class=\"wp-block-separator has-alpha-channel-opacity\"\/>\n\n\n\n<h3 class=\"wp-block-heading\">A REVIEW OF MENTAL HEALTH IN HEALTHCARE STUDENTS: STRATEGIES AND<br>SUGGESTIONS<\/h3>\n\n\n\n<p>Authors: Yasuhiro Kotera, Laura Bennett-Viliardos, Charlotte-Fern Foster Phillips, Christopher Lloyd,<br>Greta Kaluzeviciute<\/p>\n\n\n\n<p>Pages: 709-730<\/p>\n\n\n\n<div class=\"wp-block-buttons is-layout-flex wp-block-buttons-is-layout-flex\">\n<div class=\"wp-block-button\"><a class=\"wp-block-button__link wp-element-button\" href=\"https:\/\/cdspress.ca\/wp-content\/uploads\/2022\/08\/ch-28-YK-Yasuhiro-Kotera_A-Review-of-Mental-Health-edits_Nov17.pdf\">Chapter Twenty-Eight<\/a><\/div>\n<\/div>\n\n\n\n<hr class=\"wp-block-separator has-alpha-channel-opacity\"\/>\n\n\n\n<h3 class=\"wp-block-heading\">HEALTHY MINDS | HEALTHY CAMPUSES (HM | HC): PROMOTING MENTAL WELL-BEING<br>AMONG POSTSECONDARY INSTITUTIONS IN BRITISH COLUMBIA<\/h3>\n\n\n\n<p>Authors: Dan Reist, Tim Dyck, Bakht Anwar, Kamal Arora<\/p>\n\n\n\n<p>Pages: 731- 761<\/p>\n\n\n\n<div class=\"wp-block-buttons is-layout-flex wp-block-buttons-is-layout-flex\">\n<div class=\"wp-block-button\"><a class=\"wp-block-button__link wp-element-button\" href=\"https:\/\/cdspress.ca\/wp-content\/uploads\/2022\/08\/ch-29-HMHC-Healthy-Campuses.pdf\">Chapter Twenty- Nine<\/a><\/div>\n<\/div>\n\n\n\n<hr class=\"wp-block-separator has-alpha-channel-opacity\"\/>\n\n\n\n<h3 class=\"wp-block-heading\">THE MENTAL HEALTH OF INDIGENOUS STUDENTS IN CANADA AND BEYOND<\/h3>\n\n\n\n<p>Author: Shadi Beshai<\/p>\n\n\n\n<p>Pages: 762-783<\/p>\n\n\n\n<div class=\"wp-block-buttons is-layout-flex wp-block-buttons-is-layout-flex\">\n<div class=\"wp-block-button\"><a class=\"wp-block-button__link wp-element-button\" href=\"https:\/\/cdspress.ca\/wp-content\/uploads\/2022\/09\/ch30_Shadi-Bashai_The-Mental-Health-of-Indigenous-Students-in-Canada-and-Beyond_Final-Draft_Beshai-Aug-27-2022_Final.pdf\">Chapter Thirty<\/a><\/div>\n<\/div>\n\n\n\n<hr class=\"wp-block-separator has-alpha-channel-opacity\"\/>\n\n\n\n<h3 class=\"wp-block-heading\">SUBJECT INDEX<\/h3>\n\n\n\n<p>Pages: 783-786<\/p>\n\n\n\n<div class=\"wp-block-buttons is-layout-flex wp-block-buttons-is-layout-flex\">\n<div class=\"wp-block-button\"><a class=\"wp-block-button__link wp-element-button\" href=\"https:\/\/cdspress.ca\/wp-content\/uploads\/2022\/08\/Subject-Index.pdf\">Subject-Index<\/a><\/div>\n<\/div>\n\n\n\n<hr class=\"wp-block-separator has-css-opacity\"\/>\n","protected":false},"excerpt":{"rendered":"<p>Editor: Masood Zangeneh, Ph.D. Affiliation: Humber College Institute of Technology and Advanced Learning, Canada Editor: Mona Nouroozifar, Ph.D. Affiliation: Conestoga College Institute of Technology and &hellip;<\/p>\n","protected":false},"author":1,"featured_media":0,"parent":0,"menu_order":0,"comment_status":"closed","ping_status":"closed","template":"","meta":{"footnotes":""},"class_list":["post-6135","page","type-page","status-publish","hentry"],"jetpack_sharing_enabled":true,"_links":{"self":[{"href":"https:\/\/cdspress.ca\/index.php?rest_route=\/wp\/v2\/pages\/6135","targetHints":{"allow":["GET"]}}],"collection":[{"href":"https:\/\/cdspress.ca\/index.php?rest_route=\/wp\/v2\/pages"}],"about":[{"href":"https:\/\/cdspress.ca\/index.php?rest_route=\/wp\/v2\/types\/page"}],"author":[{"embeddable":true,"href":"https:\/\/cdspress.ca\/index.php?rest_route=\/wp\/v2\/users\/1"}],"replies":[{"embeddable":true,"href":"https:\/\/cdspress.ca\/index.php?rest_route=%2Fwp%2Fv2%2Fcomments&post=6135"}],"version-history":[{"count":24,"href":"https:\/\/cdspress.ca\/index.php?rest_route=\/wp\/v2\/pages\/6135\/revisions"}],"predecessor-version":[{"id":11393,"href":"https:\/\/cdspress.ca\/index.php?rest_route=\/wp\/v2\/pages\/6135\/revisions\/11393"}],"wp:attachment":[{"href":"https:\/\/cdspress.ca\/index.php?rest_route=%2Fwp%2Fv2%2Fmedia&parent=6135"}],"curies":[{"name":"wp","href":"https:\/\/api.w.org\/{rel}","templated":true}]}}