{"id":417,"date":"2019-09-13T15:45:04","date_gmt":"2019-09-13T19:45:04","guid":{"rendered":"http:\/\/concurrentdisorders.ca\/?page_id=417"},"modified":"2019-09-13T15:45:04","modified_gmt":"2019-09-13T19:45:04","slug":"our-partners","status":"publish","type":"page","link":"https:\/\/cdspress.ca\/?page_id=417","title":{"rendered":"Institutional Partners"},"content":{"rendered":"<figure id=\"attachment_418\" aria-describedby=\"caption-attachment-418\" style=\"width: 374px\" class=\"wp-caption aligncenter\"><a href=\"https:\/\/autism.gov.kw\/\"><img loading=\"lazy\" decoding=\"async\" class=\"wp-image-418 \" src=\"https:\/\/cdspress.ca\/wp-content\/uploads\/2019\/09\/screen-shot-2019-09-13-at-3.39.47-pm.png\" alt=\"\" width=\"374\" height=\"316\" srcset=\"https:\/\/cdspress.ca\/wp-content\/uploads\/2019\/09\/screen-shot-2019-09-13-at-3.39.47-pm.png 573w, https:\/\/cdspress.ca\/wp-content\/uploads\/2019\/09\/screen-shot-2019-09-13-at-3.39.47-pm-300x253.png 300w, https:\/\/cdspress.ca\/wp-content\/uploads\/2019\/09\/screen-shot-2019-09-13-at-3.39.47-pm-474x400.png 474w\" sizes=\"auto, (max-width: 374px) 100vw, 374px\" \/><\/a><figcaption id=\"caption-attachment-418\" class=\"wp-caption-text\">Concurrent Disorders Society is proud to announce that the Kuwait Centre for Autism is one of our partners.<\/figcaption><\/figure>\n<p>&nbsp;<\/p>\n<p>&nbsp;<\/p>\n<figure id=\"attachment_435\" aria-describedby=\"caption-attachment-435\" style=\"width: 295px\" class=\"wp-caption aligncenter\"><a href=\"https:\/\/www.iimhl.com\/\"><img loading=\"lazy\" decoding=\"async\" class=\"wp-image-435 size-full\" src=\"https:\/\/cdspress.ca\/wp-content\/uploads\/2019\/09\/screen-shot-2019-09-14-at-1.13.11-pm.png\" alt=\"\" width=\"295\" height=\"271\" \/><\/a><figcaption id=\"caption-attachment-435\" class=\"wp-caption-text\">Concurrent Disorders Society is a partner of The International Initiative for Mental Health Leadership (IIMHL), a unique international collaborative that focuses on improving mental health and addictions services.<\/figcaption><\/figure>\n<p>&nbsp;<\/p>\n<figure id=\"attachment_2904\" aria-describedby=\"caption-attachment-2904\" style=\"width: 300px\" class=\"wp-caption aligncenter\"><a href=\"https:\/\/nuevosrumbos.org\/\"><img loading=\"lazy\" decoding=\"async\" class=\"wp-image-2904 size-medium\" src=\"https:\/\/cdspress.ca\/wp-content\/uploads\/2021\/05\/logo-1-300x300.png\" alt=\"\" width=\"300\" height=\"300\" srcset=\"https:\/\/cdspress.ca\/wp-content\/uploads\/2021\/05\/logo-1-300x300.png 300w, https:\/\/cdspress.ca\/wp-content\/uploads\/2021\/05\/logo-1-150x150.png 150w, https:\/\/cdspress.ca\/wp-content\/uploads\/2021\/05\/logo-1-768x768.png 768w, https:\/\/cdspress.ca\/wp-content\/uploads\/2021\/05\/logo-1-700x700.png 700w, https:\/\/cdspress.ca\/wp-content\/uploads\/2021\/05\/logo-1-100x100.png 100w, https:\/\/cdspress.ca\/wp-content\/uploads\/2021\/05\/logo-1-400x400.png 400w, https:\/\/cdspress.ca\/wp-content\/uploads\/2021\/05\/logo-1.png 909w\" sizes=\"auto, (max-width: 300px) 100vw, 300px\" \/><\/a><figcaption id=\"caption-attachment-2904\" class=\"wp-caption-text\">Concurrent Disorders Society is a partner of the Corporaci\u00f3n Nuevos Rumbos Investigaci\u00f3n y Prevenci\u00f3n del Consumo de Drogas Bogot\u00e1 \u2013 Colombia.<\/figcaption><\/figure>\n<p>&nbsp;<\/p>\n<p>&nbsp;<\/p>\n<figure id=\"attachment_727\" aria-describedby=\"caption-attachment-727\" style=\"width: 300px\" class=\"wp-caption aligncenter\"><a href=\"https:\/\/investigacionalcohol.org\/\"><img loading=\"lazy\" decoding=\"async\" class=\"wp-image-727 size-medium\" src=\"https:\/\/cdspress.ca\/wp-content\/uploads\/2019\/10\/grupo-300x300.png\" alt=\"\" width=\"300\" height=\"300\" srcset=\"https:\/\/cdspress.ca\/wp-content\/uploads\/2019\/10\/grupo-300x300.png 300w, https:\/\/cdspress.ca\/wp-content\/uploads\/2019\/10\/grupo-150x150.png 150w, https:\/\/cdspress.ca\/wp-content\/uploads\/2019\/10\/grupo-100x100.png 100w, https:\/\/cdspress.ca\/wp-content\/uploads\/2019\/10\/grupo-400x400.png 400w, https:\/\/cdspress.ca\/wp-content\/uploads\/2019\/10\/grupo.png 562w\" sizes=\"auto, (max-width: 300px) 100vw, 300px\" \/><\/a><figcaption id=\"caption-attachment-727\" class=\"wp-caption-text\">Concurrent Disorders Society is a partner of Grupo de Investigaci\u00f3n en Alcohol, Sustancias Psicoactivas y Lesiones por Causa Externa Universidad Nacional de Mar del Plata, Argentina.<\/figcaption><\/figure>\n<p>&nbsp;<\/p>\n<figure id=\"attachment_1132\" aria-describedby=\"caption-attachment-1132\" style=\"width: 300px\" class=\"wp-caption aligncenter\"><a href=\"https:\/\/www.ljmu.ac.uk\"><img loading=\"lazy\" decoding=\"async\" class=\"wp-image-1132 size-medium\" src=\"https:\/\/cdspress.ca\/wp-content\/uploads\/2020\/04\/liverpool-300x300.jpg\" alt=\"\" width=\"300\" height=\"300\" srcset=\"https:\/\/cdspress.ca\/wp-content\/uploads\/2020\/04\/liverpool-300x300.jpg 300w, https:\/\/cdspress.ca\/wp-content\/uploads\/2020\/04\/liverpool-150x150.jpg 150w, https:\/\/cdspress.ca\/wp-content\/uploads\/2020\/04\/liverpool-100x100.jpg 100w, https:\/\/cdspress.ca\/wp-content\/uploads\/2020\/04\/liverpool-400x400.jpg 400w, https:\/\/cdspress.ca\/wp-content\/uploads\/2020\/04\/liverpool.jpg 512w\" sizes=\"auto, (max-width: 300px) 100vw, 300px\" \/><\/a><figcaption id=\"caption-attachment-1132\" class=\"wp-caption-text\">Concurrent Disorders society is a partner with The Public Health Institute of Liverpool John Moores University.<\/figcaption><\/figure>\n","protected":false},"excerpt":{"rendered":"<p>&nbsp; &nbsp; &nbsp; &nbsp; &nbsp; &nbsp;<\/p>\n","protected":false},"author":1,"featured_media":734,"parent":0,"menu_order":0,"comment_status":"closed","ping_status":"closed","template":"","meta":{"footnotes":""},"class_list":["post-417","page","type-page","status-publish","has-post-thumbnail","hentry"],"jetpack_sharing_enabled":false,"_links":{"self":[{"href":"https:\/\/cdspress.ca\/index.php?rest_route=\/wp\/v2\/pages\/417","targetHints":{"allow":["GET"]}}],"collection":[{"href":"https:\/\/cdspress.ca\/index.php?rest_route=\/wp\/v2\/pages"}],"about":[{"href":"https:\/\/cdspress.ca\/index.php?rest_route=\/wp\/v2\/types\/page"}],"author":[{"embeddable":true,"href":"https:\/\/cdspress.ca\/index.php?rest_route=\/wp\/v2\/users\/1"}],"replies":[{"embeddable":true,"href":"https:\/\/cdspress.ca\/index.php?rest_route=%2Fwp%2Fv2%2Fcomments&post=417"}],"version-history":[{"count":0,"href":"https:\/\/cdspress.ca\/index.php?rest_route=\/wp\/v2\/pages\/417\/revisions"}],"wp:featuredmedia":[{"embeddable":true,"href":"https:\/\/cdspress.ca\/index.php?rest_route=\/wp\/v2\/media\/734"}],"wp:attachment":[{"href":"https:\/\/cdspress.ca\/index.php?rest_route=%2Fwp%2Fv2%2Fmedia&parent=417"}],"curies":[{"name":"wp","href":"https:\/\/api.w.org\/{rel}","templated":true}]}}